{"id":1472,"date":"2024-07-16T07:49:10","date_gmt":"2024-07-16T07:49:10","guid":{"rendered":"https:\/\/www.walknride.be\/environnements-et-conseils\/"},"modified":"2024-09-30T14:45:00","modified_gmt":"2024-09-30T14:45:00","slug":"environnements-et-conseils","status":"publish","type":"page","link":"https:\/\/www.walknride.be\/fr\/environnements-et-conseils\/","title":{"rendered":"Environnements et conseils"},"content":{"rendered":"\t\t<div data-elementor-type=\"wp-page\" data-elementor-id=\"1472\" class=\"elementor elementor-1472 elementor-1187\">\n\t\t\t\t<div class=\"elementor-element elementor-element-ec9ab75 e-flex e-con-boxed e-con e-parent\" data-id=\"ec9ab75\" data-element_type=\"container\">\n\t\t\t\t\t<div class=\"e-con-inner\">\n\t\t\t\t<div class=\"elementor-element elementor-element-9cf6917 elementor-widget elementor-widget-text-editor\" data-id=\"9cf6917\" data-element_type=\"widget\" data-widget_type=\"text-editor.default\">\n\t\t\t\t<div class=\"elementor-widget-container\">\n\t\t\t<style>\/*! elementor - v3.23.0 - 15-07-2024 *\/\n.elementor-widget-text-editor.elementor-drop-cap-view-stacked .elementor-drop-cap{background-color:#69727d;color:#fff}.elementor-widget-text-editor.elementor-drop-cap-view-framed .elementor-drop-cap{color:#69727d;border:3px solid;background-color:transparent}.elementor-widget-text-editor:not(.elementor-drop-cap-view-default) .elementor-drop-cap{margin-top:8px}.elementor-widget-text-editor:not(.elementor-drop-cap-view-default) .elementor-drop-cap-letter{width:1em;height:1em}.elementor-widget-text-editor .elementor-drop-cap{float:left;text-align:center;line-height:1;font-size:50px}.elementor-widget-text-editor .elementor-drop-cap-letter{display:inline-block}<\/style>\t\t\t\t<p><strong>Dans notre maison de vacances<\/strong>, vous trouverez de nombreux itin\u00e9raires p\u00e9destres et cyclables sur les affiches murales de la salle \u00e0 manger. <strong><br \/>REGARDEZ<\/strong>, <strong>NUM\u00c9RISEZ<\/strong> et <strong>D\u00c9COUVREZ<\/strong> votre destination de marche et\/ou de v\u00e9lo pr\u00e9f\u00e9r\u00e9e.<\/p>\n\t\t\t\t\t\t<\/div>\n\t\t\t\t<\/div>\n\t\t\t\t\t<\/div>\n\t\t\t\t<\/div>\n\t\t<div class=\"elementor-element elementor-element-4d28da7 e-grid e-con-boxed e-con e-parent\" data-id=\"4d28da7\" data-element_type=\"container\">\n\t\t\t\t\t<div class=\"e-con-inner\">\n\t\t\t\t<div class=\"elementor-element elementor-element-8a0be51 elementor-widget elementor-widget-image\" data-id=\"8a0be51\" data-element_type=\"widget\" data-widget_type=\"image.default\">\n\t\t\t\t<div class=\"elementor-widget-container\">\n\t\t\t<style>\/*! elementor - v3.23.0 - 15-07-2024 *\/\n.elementor-widget-image{text-align:center}.elementor-widget-image a{display:inline-block}.elementor-widget-image a img[src$=\".svg\"]{width:48px}.elementor-widget-image img{vertical-align:middle;display:inline-block}<\/style>\t\t\t\t\t\t\t\t\t\t<img fetchpriority=\"high\" decoding=\"async\" width=\"768\" height=\"1024\" src=\"https:\/\/www.walknride.be\/wp-content\/uploads\/2024\/07\/WANDELEN-IN-DE-VL-ARDENNEN-QR-CODE.jpg\" class=\"attachment-large size-large wp-image-1082\" alt=\"\" srcset=\"https:\/\/www.walknride.be\/wp-content\/uploads\/2024\/07\/WANDELEN-IN-DE-VL-ARDENNEN-QR-CODE.jpg 768w, https:\/\/www.walknride.be\/wp-content\/uploads\/2024\/07\/WANDELEN-IN-DE-VL-ARDENNEN-QR-CODE-225x300.jpg 225w\" sizes=\"(max-width: 768px) 100vw, 768px\" \/>\t\t\t\t\t\t\t\t\t\t\t\t\t<\/div>\n\t\t\t\t<\/div>\n\t\t\t\t<div class=\"elementor-element elementor-element-bcbccc9 elementor-widget elementor-widget-image\" data-id=\"bcbccc9\" data-element_type=\"widget\" data-widget_type=\"image.default\">\n\t\t\t\t<div class=\"elementor-widget-container\">\n\t\t\t\t\t\t\t\t\t\t\t\t\t<img decoding=\"async\" width=\"683\" height=\"1024\" src=\"https:\/\/www.walknride.be\/wp-content\/uploads\/2024\/07\/FIETSEN-IN-DE-VL-ARDENNEN-QR-CODE-1-683x1024.jpg\" class=\"attachment-large size-large wp-image-1191\" alt=\"\" srcset=\"https:\/\/www.walknride.be\/wp-content\/uploads\/2024\/07\/FIETSEN-IN-DE-VL-ARDENNEN-QR-CODE-1-683x1024.jpg 683w, https:\/\/www.walknride.be\/wp-content\/uploads\/2024\/07\/FIETSEN-IN-DE-VL-ARDENNEN-QR-CODE-1-200x300.jpg 200w, https:\/\/www.walknride.be\/wp-content\/uploads\/2024\/07\/FIETSEN-IN-DE-VL-ARDENNEN-QR-CODE-1.jpg 736w\" sizes=\"(max-width: 683px) 100vw, 683px\" \/>\t\t\t\t\t\t\t\t\t\t\t\t\t<\/div>\n\t\t\t\t<\/div>\n\t\t\t\t\t<\/div>\n\t\t\t\t<\/div>\n\t\t<div class=\"elementor-element elementor-element-2f7e54e e-flex e-con-boxed e-con e-parent\" data-id=\"2f7e54e\" data-element_type=\"container\">\n\t\t\t\t\t<div class=\"e-con-inner\">\n\t\t\t\t<div class=\"elementor-element elementor-element-3b00f2b elementor-widget elementor-widget-text-editor\" data-id=\"3b00f2b\" data-element_type=\"widget\" data-widget_type=\"text-editor.default\">\n\t\t\t\t<div class=\"elementor-widget-container\">\n\t\t\t\t\t\t\t<p>Notre village bien-aim\u00e9 de Nederename, avec ses environ 2700 habitants, n&rsquo;est pas vraiment grand, mais vous y trouverez n\u00e9anmoins presque tout.<\/p><p>Nous avons la c\u00e9l\u00e8bre boulangerie <strong>Panda<\/strong>, la Delhaize r\u00e9cemment enti\u00e8rement r\u00e9nov\u00e9e , <strong>magasin de v\u00e9los<\/strong> <strong>Velohuis<\/strong>, l&rsquo;un des plus grands <strong>magasins de fl\u00e9chettes<\/strong> de la r\u00e9gion pr\u00e8s de Pieter, centre de bien-\u00eatre <strong>Sans Soleil<\/strong>, <strong>station-service Q8<\/strong> et garage Schiettecatte, restaurant <strong>Bellebroek<\/strong>, magasin de rideaux <strong>Lylytex<\/strong>, <strong>Frituur Marianne<\/strong>, pharmacie <strong>Appelmans<\/strong>, <strong>cabinets m\u00e9dicaux<\/strong>, quelques <strong>quelques coiffeurs<\/strong>, Entreprise de peinture <strong>Jodeco &amp; Bro<\/strong>, cr\u00e8che <strong>De Bock<\/strong>, garage <strong>Steurbaut<\/strong>, magasin de v\u00eatements <strong>Biade<\/strong>, studio de manicure <strong>Bij Nele<\/strong> et <strong>centre Lotto<\/strong> &amp; <strong>traiteur Anja &amp; Carine<\/strong>\u00a0pr\u00e8s de l&rsquo;\u00e9glise.<\/p><p>Vous trouverez de plus amples informations \u00e0 ce sujet dans la cuisine sous CONSEILS au mur.<\/p><h2>Visitez Audenarde<\/h2><p>En tant que fanatique du cyclisme, vous ne pouvez pas ignorer <a href=\"https:\/\/visit.oudenaarde.be\/\">Audenarde<\/a>. Chaque ann\u00e9e, des h\u00e9ros sportifs franchissent la ligne d&rsquo;arriv\u00e9e de la prestigieuse classique par excellence : le Tour des Flandres. Mais m\u00eame si vous n&rsquo;avez pas envie de suivre les traces de Philippe Gilbert et Peter Sagan, la ville offre bien d\u2019autres atouts.<\/p><h5>Faites votre propre tour \u00e0 v\u00e9lo<\/h5><p>Vous pouvez revivre l&rsquo;histoire des plus belles de Flandre au <a href=\"https:\/\/www.visitvlaamseardennen.be\/het-centrum-ronde-van-vlaanderen\">Centre Tour des Flandres<\/a>. Pour les cyclistes actifs, c&rsquo;est la base id\u00e9ale pour un tour difficile car c&rsquo;est de l\u00e0 que partent 3 boucles de plus de 100 kilom\u00e8tres. Ceux qui pr\u00e9f\u00e8rent quelque chose de plus calme peuvent visiter l&rsquo;exposition permanente ou se d\u00e9tendre dans le confortable <a href=\"https:\/\/crvv.be\/brasserie\/\">\u00ab Peloton Caf\u00e9 \u00bb<\/a>.<\/p><h5>D\u00e9fis sportifs<\/h5><p>Vous n&rsquo;en avez jamais assez des d\u00e9fis sportifs ? Dans le parc aventure <a href=\"https:\/\/www.visitvlaamseardennen.be\/outsider-oudenaarde\">The Outsider<\/a> Ardennes Flamandes vous pourrez conqu\u00e9rir la tour d&rsquo;escalade Blue Diamond, entra\u00eener les muscles de vos bras lors d&rsquo;une balade en kayak ou faire ressortir le rat d&rsquo;eau qui est en vous lors d&rsquo;une s\u00e9ance de wakeboard ou de ski nautique.<\/p><h5>Histoire culturelle<\/h5><p>Les amateurs de culture peuvent \u00e9galement se faire plaisir \u00e0 Audenarde. L&rsquo;impressionnante \u00e9glise Sainte-Walburge, bel exemple du gothique braban\u00e7on, domine le centre et ses b\u00e2timents historiques. Le majestueux beffroi est inscrit sur la liste du patrimoine mondial de l&rsquo;UNESCO. Et saviez-vous que la ville \u00e9tait c\u00e9l\u00e8bre pour ses tapisseries depuis des si\u00e8cles ? Dans le <a href=\"https:\/\/www.visitvlaamseardennen.be\/het-mou-oudenaarde\">MOU &#8211; Mus\u00e9e Audenarde et les Ardennes flamandes<\/a>, vous trouverez une collection impressionnante.<\/p><h5>D\u00e9tendez-vous dans la verdure<\/h5><p>Vous souhaitez vous ressourcer en toute tranquillit\u00e9 ? Profitez ensuite du silence lors d&rsquo;une promenade entre collines idylliques et vall\u00e9es verdoyantes de la r\u00e9gion. Par beau temps, faites un pique-nique ou remplissez votre estomac affam\u00e9 dans l&rsquo;un des nombreux caf\u00e9s et restaurants authentiques de la r\u00e9gion. N&rsquo;oubliez pas de boire une bi\u00e8re brune, car Audenarde est connue pour cela depuis le Moyen \u00c2ge.<\/p><h2><strong>Une mont\u00e9e sur les Berendries<\/strong><\/h2><p>Lorsque vous visitez Brakel, vous pourrez explorer les Berendries escarp\u00e9es. De Berendries est l&rsquo;un des bourreaux du Tour des Flandres.<\/p><p>Ici, vous devriez absolument vous arr\u00eater au caf\u00e9 confortable \u00ab De StapperAlm \u00bb chez Isabelle et Jeroen. Une \u00e9tape id\u00e9ale pour les amateurs de v\u00e9lo et les marcheurs.<\/p>\t\t\t\t\t\t<\/div>\n\t\t\t\t<\/div>\n\t\t\t\t\t<\/div>\n\t\t\t\t<\/div>\n\t\t<div class=\"elementor-element elementor-element-cc4b502 e-flex e-con-boxed e-con e-parent\" data-id=\"cc4b502\" data-element_type=\"container\">\n\t\t\t\t\t<div class=\"e-con-inner\">\n\t\t\t\t<div class=\"elementor-element elementor-element-c89bf53 elementor-widget elementor-widget-image\" data-id=\"c89bf53\" data-element_type=\"widget\" data-widget_type=\"image.default\">\n\t\t\t\t<div class=\"elementor-widget-container\">\n\t\t\t\t\t\t\t\t\t\t\t\t\t<img decoding=\"async\" width=\"300\" height=\"200\" src=\"https:\/\/www.walknride.be\/wp-content\/uploads\/2024\/07\/LOGO-STAPPERSALM.jpg\" class=\"attachment-full size-full wp-image-1050\" alt=\"\" \/>\t\t\t\t\t\t\t\t\t\t\t\t\t<\/div>\n\t\t\t\t<\/div>\n\t\t\t\t<div class=\"elementor-element elementor-element-7181b41 elementor-widget elementor-widget-text-editor\" data-id=\"7181b41\" data-element_type=\"widget\" data-widget_type=\"text-editor.default\">\n\t\t\t\t<div class=\"elementor-widget-container\">\n\t\t\t\t\t\t\t<p>Par beau temps, vous pourrez profiter de la belle terrasse, avec une belle vue sur les Ardennes flamandes.<br \/>Outre les boissons gazeuses, le caf\u00e9 et le th\u00e9, vous trouverez \u00e9galement une large gamme de bi\u00e8res trappistes et de bi\u00e8res r\u00e9gionales. Plus de 50 esp\u00e8ces.<\/p>\n<p>Voulez-vous une bi\u00e8re pression ? Vous n\u2019en trouverez pas moins de 7 types ici.<\/p>\n<p>La Chouffe, La Chouffe du moment, Liefmans Oud Bruin, Liefmans Kriek Fruitesse, Roman Pils, Roman Adriaan Brouwer et Roman Ename Blond. Donc beaucoup de choix\u2026<\/p>\n<p>En plus de la carte des bi\u00e8res, vous pourrez \u00e9galement profiter de la carte copieuse de plats et de desserts aux accents autrichiens. Le \u00ab StappersAlm \u00bb\u2026. L&rsquo;endroit o\u00f9 il faut \u00eatre<\/p>\n\t\t\t\t\t\t<\/div>\n\t\t\t\t<\/div>\n\t\t\t\t\t<\/div>\n\t\t\t\t<\/div>\n\t\t\t\t<\/div>\n\t\t","protected":false},"excerpt":{"rendered":"<p>Dans notre maison de vacances, vous trouverez de nombreux itin\u00e9raires p\u00e9destres et cyclables sur les affiches murales de la salle \u00e0 manger. REGARDEZ, NUM\u00c9RISEZ et D\u00c9COUVREZ votre destination de marche et\/ou de v\u00e9lo pr\u00e9f\u00e9r\u00e9e. Notre village bien-aim\u00e9 de Nederename, avec ses environ 2700 habitants, n&rsquo;est pas vraiment grand, mais vous y trouverez n\u00e9anmoins presque tout. [&hellip;]<\/p>\n","protected":false},"author":1,"featured_media":0,"parent":0,"menu_order":0,"comment_status":"closed","ping_status":"closed","template":"","meta":{"ocean_post_layout":"","ocean_both_sidebars_style":"","ocean_both_sidebars_content_width":0,"ocean_both_sidebars_sidebars_width":0,"ocean_sidebar":"","ocean_second_sidebar":"","ocean_disable_margins":"enable","ocean_add_body_class":"","ocean_shortcode_before_top_bar":"","ocean_shortcode_after_top_bar":"","ocean_shortcode_before_header":"","ocean_shortcode_after_header":"","ocean_has_shortcode":"","ocean_shortcode_after_title":"","ocean_shortcode_before_footer_widgets":"","ocean_shortcode_after_footer_widgets":"","ocean_shortcode_before_footer_bottom":"","ocean_shortcode_after_footer_bottom":"","ocean_display_top_bar":"default","ocean_display_header":"default","ocean_header_style":"","ocean_center_header_left_menu":"","ocean_custom_header_template":"","ocean_custom_logo":0,"ocean_custom_retina_logo":0,"ocean_custom_logo_max_width":0,"ocean_custom_logo_tablet_max_width":0,"ocean_custom_logo_mobile_max_width":0,"ocean_custom_logo_max_height":0,"ocean_custom_logo_tablet_max_height":0,"ocean_custom_logo_mobile_max_height":0,"ocean_header_custom_menu":"","ocean_menu_typo_font_family":"","ocean_menu_typo_font_subset":"","ocean_menu_typo_font_size":0,"ocean_menu_typo_font_size_tablet":0,"ocean_menu_typo_font_size_mobile":0,"ocean_menu_typo_font_size_unit":"px","ocean_menu_typo_font_weight":"","ocean_menu_typo_font_weight_tablet":"","ocean_menu_typo_font_weight_mobile":"","ocean_menu_typo_transform":"","ocean_menu_typo_transform_tablet":"","ocean_menu_typo_transform_mobile":"","ocean_menu_typo_line_height":0,"ocean_menu_typo_line_height_tablet":0,"ocean_menu_typo_line_height_mobile":0,"ocean_menu_typo_line_height_unit":"","ocean_menu_typo_spacing":0,"ocean_menu_typo_spacing_tablet":0,"ocean_menu_typo_spacing_mobile":0,"ocean_menu_typo_spacing_unit":"","ocean_menu_link_color":"","ocean_menu_link_color_hover":"","ocean_menu_link_color_active":"","ocean_menu_link_background":"","ocean_menu_link_hover_background":"","ocean_menu_link_active_background":"","ocean_menu_social_links_bg":"","ocean_menu_social_hover_links_bg":"","ocean_menu_social_links_color":"","ocean_menu_social_hover_links_color":"","ocean_disable_title":"default","ocean_disable_heading":"default","ocean_post_title":"","ocean_post_subheading":"","ocean_post_title_style":"","ocean_post_title_background_color":"","ocean_post_title_background":0,"ocean_post_title_bg_image_position":"","ocean_post_title_bg_image_attachment":"","ocean_post_title_bg_image_repeat":"","ocean_post_title_bg_image_size":"","ocean_post_title_height":0,"ocean_post_title_bg_overlay":0.5,"ocean_post_title_bg_overlay_color":"","ocean_disable_breadcrumbs":"default","ocean_breadcrumbs_color":"","ocean_breadcrumbs_separator_color":"","ocean_breadcrumbs_links_color":"","ocean_breadcrumbs_links_hover_color":"","ocean_display_footer_widgets":"default","ocean_display_footer_bottom":"default","ocean_custom_footer_template":"","ofc_meta_disable_footer_callout":"","ofc_meta_callout_button_url":"","ofc_meta_callout_button_txt":"","ofc_meta_callout_text":"","ofc_enable_fullscreen":"disable","ofc_fullscreen_speed":0,"ofc_fullscreen_nav":"enable","ofc_fullscreen_nav_pos":"right","ofc_fullscreen_nav_color":"","ofc_fullscreen_nav_tooltip_color":"","ofc_fullscreen_responsive":0,"osp_disable_panel":"default","osh_disable_topbar_sticky":"default","osh_disable_header_sticky":"default","osh_sticky_header_style":"default","osh_sticky_header_effect":"","osh_custom_sticky_logo":0,"osh_custom_retina_sticky_logo":0,"osh_custom_sticky_logo_height":0,"osh_background_color":"","osh_links_color":"","osh_links_hover_color":"","osh_links_active_color":"","osh_links_bg_color":"","osh_links_hover_bg_color":"","osh_links_active_bg_color":"","osh_menu_social_links_color":"","osh_menu_social_hover_links_color":"","footnotes":""},"class_list":["post-1472","page","type-page","status-publish","hentry","entry"],"_links":{"self":[{"href":"https:\/\/www.walknride.be\/fr\/wp-json\/wp\/v2\/pages\/1472","targetHints":{"allow":["GET"]}}],"collection":[{"href":"https:\/\/www.walknride.be\/fr\/wp-json\/wp\/v2\/pages"}],"about":[{"href":"https:\/\/www.walknride.be\/fr\/wp-json\/wp\/v2\/types\/page"}],"author":[{"embeddable":true,"href":"https:\/\/www.walknride.be\/fr\/wp-json\/wp\/v2\/users\/1"}],"replies":[{"embeddable":true,"href":"https:\/\/www.walknride.be\/fr\/wp-json\/wp\/v2\/comments?post=1472"}],"version-history":[{"count":16,"href":"https:\/\/www.walknride.be\/fr\/wp-json\/wp\/v2\/pages\/1472\/revisions"}],"predecessor-version":[{"id":1602,"href":"https:\/\/www.walknride.be\/fr\/wp-json\/wp\/v2\/pages\/1472\/revisions\/1602"}],"wp:attachment":[{"href":"https:\/\/www.walknride.be\/fr\/wp-json\/wp\/v2\/media?parent=1472"}],"curies":[{"name":"wp","href":"https:\/\/api.w.org\/{rel}","templated":true}]}}