{"id":1469,"date":"2024-07-16T07:46:22","date_gmt":"2024-07-16T07:46:22","guid":{"rendered":"https:\/\/www.walknride.be\/regles-de-la-maison\/"},"modified":"2024-08-16T08:28:23","modified_gmt":"2024-08-16T08:28:23","slug":"regles-de-la-maison","status":"publish","type":"page","link":"https:\/\/www.walknride.be\/fr\/regles-de-la-maison\/","title":{"rendered":"R\u00e8gles de la maison"},"content":{"rendered":"\t\t<div data-elementor-type=\"wp-page\" data-elementor-id=\"1469\" class=\"elementor elementor-1469 elementor-1180\">\n\t\t\t\t<div class=\"elementor-element elementor-element-fc03fc7 e-flex e-con-boxed e-con e-parent\" data-id=\"fc03fc7\" data-element_type=\"container\">\n\t\t\t\t\t<div class=\"e-con-inner\">\n\t\t\t\t<div class=\"elementor-element elementor-element-19cecc6 elementor-widget elementor-widget-text-editor\" data-id=\"19cecc6\" data-element_type=\"widget\" data-widget_type=\"text-editor.default\">\n\t\t\t\t<div class=\"elementor-widget-container\">\n\t\t\t<style>\/*! elementor - v3.23.0 - 15-07-2024 *\/\n.elementor-widget-text-editor.elementor-drop-cap-view-stacked .elementor-drop-cap{background-color:#69727d;color:#fff}.elementor-widget-text-editor.elementor-drop-cap-view-framed .elementor-drop-cap{color:#69727d;border:3px solid;background-color:transparent}.elementor-widget-text-editor:not(.elementor-drop-cap-view-default) .elementor-drop-cap{margin-top:8px}.elementor-widget-text-editor:not(.elementor-drop-cap-view-default) .elementor-drop-cap-letter{width:1em;height:1em}.elementor-widget-text-editor .elementor-drop-cap{float:left;text-align:center;line-height:1;font-size:50px}.elementor-widget-text-editor .elementor-drop-cap-letter{display:inline-block}<\/style>\t\t\t\t<ul><li>R\u00e9servez <strong>un minimum de 2 nuits<\/strong>.<\/li><li><strong>Les animaux<\/strong> ne sont pas accept\u00e9s.<\/li><li>Il est g\u00e9n\u00e9ralement interdit de <strong>fumer<\/strong>.<\/li><li>Il est interdit d&rsquo;organiser des <strong>f\u00eates<\/strong>. Par respect pour nos voisins, en cas d&rsquo;infraction, les locataires seront expuls\u00e9s du g\u00eete et le montant total de la location ne sera pas rembours\u00e9.<\/li><li>La maison de vacances est <strong>assur\u00e9e pour six personnes<\/strong>. Pas plus de six personnes sont autoris\u00e9es. En cas d&rsquo;infraction, les locataires seront expuls\u00e9s de la maison de vacances et le montant total de la location ne sera pas rembours\u00e9.<\/li><li><strong>Le sommeil <\/strong> est important dans notre quartier calme. Pouvons-nous vous demander d&rsquo;y aller un peu plus doucement apr\u00e8s 22 heures. Pour lequel nous vous remercions sinc\u00e8rement. Pour lequel nous vous remercions sinc\u00e8rement.<\/li><li>Vous trouverez <strong>les poubelles<\/strong> n\u00e9cessaires dans le garage. Merci de trier les d\u00e9chets dans les poubelles d\u00e9sign\u00e9es.<\/li><li><strong>La chemin\u00e9e<\/strong> du salon est une chemin\u00e9e ornementale et n&rsquo;est donc pas allum\u00e9.<\/li><li><strong>\u00c0 la fin de votre s\u00e9jour<\/strong>, veuillez fermer les fen\u00eatres et les portes et \u00e9teindre le chauffage.<\/li><\/ul><p><strong>Enfin, nous vous informons que nous souhaitons, pour notre part, vous proposer une maison propre et bien rang\u00e9e afin de vous assurer une arriv\u00e9e agr\u00e9able. Nous sommes convaincus que vous l\u2019appr\u00e9cierez grandement.<\/strong><\/p>\t\t\t\t\t\t<\/div>\n\t\t\t\t<\/div>\n\t\t\t\t\t<\/div>\n\t\t\t\t<\/div>\n\t\t\t\t<\/div>\n\t\t","protected":false},"excerpt":{"rendered":"<p>R\u00e9servez un minimum de 2 nuits. Les animaux ne sont pas accept\u00e9s. Il est g\u00e9n\u00e9ralement interdit de fumer. Il est interdit d&rsquo;organiser des f\u00eates. Par respect pour nos voisins, en cas d&rsquo;infraction, les locataires seront expuls\u00e9s du g\u00eete et le montant total de la location ne sera pas rembours\u00e9. La maison de vacances est assur\u00e9e [&hellip;]<\/p>\n","protected":false},"author":1,"featured_media":0,"parent":0,"menu_order":0,"comment_status":"closed","ping_status":"closed","template":"","meta":{"ocean_post_layout":"","ocean_both_sidebars_style":"","ocean_both_sidebars_content_width":0,"ocean_both_sidebars_sidebars_width":0,"ocean_sidebar":"","ocean_second_sidebar":"","ocean_disable_margins":"enable","ocean_add_body_class":"","ocean_shortcode_before_top_bar":"","ocean_shortcode_after_top_bar":"","ocean_shortcode_before_header":"","ocean_shortcode_after_header":"","ocean_has_shortcode":"","ocean_shortcode_after_title":"","ocean_shortcode_before_footer_widgets":"","ocean_shortcode_after_footer_widgets":"","ocean_shortcode_before_footer_bottom":"","ocean_shortcode_after_footer_bottom":"","ocean_display_top_bar":"default","ocean_display_header":"default","ocean_header_style":"","ocean_center_header_left_menu":"","ocean_custom_header_template":"","ocean_custom_logo":0,"ocean_custom_retina_logo":0,"ocean_custom_logo_max_width":0,"ocean_custom_logo_tablet_max_width":0,"ocean_custom_logo_mobile_max_width":0,"ocean_custom_logo_max_height":0,"ocean_custom_logo_tablet_max_height":0,"ocean_custom_logo_mobile_max_height":0,"ocean_header_custom_menu":"","ocean_menu_typo_font_family":"","ocean_menu_typo_font_subset":"","ocean_menu_typo_font_size":0,"ocean_menu_typo_font_size_tablet":0,"ocean_menu_typo_font_size_mobile":0,"ocean_menu_typo_font_size_unit":"px","ocean_menu_typo_font_weight":"","ocean_menu_typo_font_weight_tablet":"","ocean_menu_typo_font_weight_mobile":"","ocean_menu_typo_transform":"","ocean_menu_typo_transform_tablet":"","ocean_menu_typo_transform_mobile":"","ocean_menu_typo_line_height":0,"ocean_menu_typo_line_height_tablet":0,"ocean_menu_typo_line_height_mobile":0,"ocean_menu_typo_line_height_unit":"","ocean_menu_typo_spacing":0,"ocean_menu_typo_spacing_tablet":0,"ocean_menu_typo_spacing_mobile":0,"ocean_menu_typo_spacing_unit":"","ocean_menu_link_color":"","ocean_menu_link_color_hover":"","ocean_menu_link_color_active":"","ocean_menu_link_background":"","ocean_menu_link_hover_background":"","ocean_menu_link_active_background":"","ocean_menu_social_links_bg":"","ocean_menu_social_hover_links_bg":"","ocean_menu_social_links_color":"","ocean_menu_social_hover_links_color":"","ocean_disable_title":"default","ocean_disable_heading":"default","ocean_post_title":"","ocean_post_subheading":"","ocean_post_title_style":"","ocean_post_title_background_color":"","ocean_post_title_background":0,"ocean_post_title_bg_image_position":"","ocean_post_title_bg_image_attachment":"","ocean_post_title_bg_image_repeat":"","ocean_post_title_bg_image_size":"","ocean_post_title_height":0,"ocean_post_title_bg_overlay":0.5,"ocean_post_title_bg_overlay_color":"","ocean_disable_breadcrumbs":"default","ocean_breadcrumbs_color":"","ocean_breadcrumbs_separator_color":"","ocean_breadcrumbs_links_color":"","ocean_breadcrumbs_links_hover_color":"","ocean_display_footer_widgets":"default","ocean_display_footer_bottom":"default","ocean_custom_footer_template":"","ofc_meta_disable_footer_callout":"","ofc_meta_callout_button_url":"","ofc_meta_callout_button_txt":"","ofc_meta_callout_text":"","ofc_enable_fullscreen":"disable","ofc_fullscreen_speed":0,"ofc_fullscreen_nav":"enable","ofc_fullscreen_nav_pos":"right","ofc_fullscreen_nav_color":"","ofc_fullscreen_nav_tooltip_color":"","ofc_fullscreen_responsive":0,"osp_disable_panel":"default","osh_disable_topbar_sticky":"default","osh_disable_header_sticky":"default","osh_sticky_header_style":"default","osh_sticky_header_effect":"","osh_custom_sticky_logo":0,"osh_custom_retina_sticky_logo":0,"osh_custom_sticky_logo_height":0,"osh_background_color":"","osh_links_color":"","osh_links_hover_color":"","osh_links_active_color":"","osh_links_bg_color":"","osh_links_hover_bg_color":"","osh_links_active_bg_color":"","osh_menu_social_links_color":"","osh_menu_social_hover_links_color":"","footnotes":""},"class_list":["post-1469","page","type-page","status-publish","hentry","entry"],"_links":{"self":[{"href":"https:\/\/www.walknride.be\/fr\/wp-json\/wp\/v2\/pages\/1469","targetHints":{"allow":["GET"]}}],"collection":[{"href":"https:\/\/www.walknride.be\/fr\/wp-json\/wp\/v2\/pages"}],"about":[{"href":"https:\/\/www.walknride.be\/fr\/wp-json\/wp\/v2\/types\/page"}],"author":[{"embeddable":true,"href":"https:\/\/www.walknride.be\/fr\/wp-json\/wp\/v2\/users\/1"}],"replies":[{"embeddable":true,"href":"https:\/\/www.walknride.be\/fr\/wp-json\/wp\/v2\/comments?post=1469"}],"version-history":[{"count":4,"href":"https:\/\/www.walknride.be\/fr\/wp-json\/wp\/v2\/pages\/1469\/revisions"}],"predecessor-version":[{"id":1559,"href":"https:\/\/www.walknride.be\/fr\/wp-json\/wp\/v2\/pages\/1469\/revisions\/1559"}],"wp:attachment":[{"href":"https:\/\/www.walknride.be\/fr\/wp-json\/wp\/v2\/media?parent=1469"}],"curies":[{"name":"wp","href":"https:\/\/api.w.org\/{rel}","templated":true}]}}