{"id":1467,"date":"2024-07-16T07:11:33","date_gmt":"2024-07-16T07:11:33","guid":{"rendered":"https:\/\/www.walknride.be\/tarifs\/"},"modified":"2024-09-30T14:49:02","modified_gmt":"2024-09-30T14:49:02","slug":"tarifs","status":"publish","type":"page","link":"https:\/\/www.walknride.be\/fr\/tarifs\/","title":{"rendered":"Tarifs"},"content":{"rendered":"\t\t<div data-elementor-type=\"wp-page\" data-elementor-id=\"1467\" class=\"elementor elementor-1467 elementor-1165\">\n\t\t\t\t<div class=\"elementor-element elementor-element-e969a95 e-flex e-con-boxed e-con e-parent\" data-id=\"e969a95\" data-element_type=\"container\">\n\t\t\t\t\t<div class=\"e-con-inner\">\n\t\t<div class=\"elementor-element elementor-element-3c45fea e-grid e-con-full e-con e-child\" data-id=\"3c45fea\" data-element_type=\"container\">\n\t\t\t\t<div class=\"elementor-element elementor-element-0745ab3 elementor-widget elementor-widget-text-editor\" data-id=\"0745ab3\" data-element_type=\"widget\" data-widget_type=\"text-editor.default\">\n\t\t\t\t<div class=\"elementor-widget-container\">\n\t\t\t<style>\/*! elementor - v3.23.0 - 15-07-2024 *\/\n.elementor-widget-text-editor.elementor-drop-cap-view-stacked .elementor-drop-cap{background-color:#69727d;color:#fff}.elementor-widget-text-editor.elementor-drop-cap-view-framed .elementor-drop-cap{color:#69727d;border:3px solid;background-color:transparent}.elementor-widget-text-editor:not(.elementor-drop-cap-view-default) .elementor-drop-cap{margin-top:8px}.elementor-widget-text-editor:not(.elementor-drop-cap-view-default) .elementor-drop-cap-letter{width:1em;height:1em}.elementor-widget-text-editor .elementor-drop-cap{float:left;text-align:center;line-height:1;font-size:50px}.elementor-widget-text-editor .elementor-drop-cap-letter{display:inline-block}<\/style>\t\t\t\t<h2>Week-end<\/h2>\n<h3>\u20ac 650<\/h3>\n\t\t\t\t\t\t<\/div>\n\t\t\t\t<\/div>\n\t\t\t\t<div class=\"elementor-element elementor-element-839c73e elementor-widget elementor-widget-text-editor\" data-id=\"839c73e\" data-element_type=\"widget\" data-widget_type=\"text-editor.default\">\n\t\t\t\t<div class=\"elementor-widget-container\">\n\t\t\t\t\t\t\t<h2>Semaine<\/h2><h3>\u20ac 1460<\/h3>\t\t\t\t\t\t<\/div>\n\t\t\t\t<\/div>\n\t\t\t\t<\/div>\n\t\t\t\t<div class=\"elementor-element elementor-element-98c7c3d elementor-widget elementor-widget-text-editor\" data-id=\"98c7c3d\" data-element_type=\"widget\" data-widget_type=\"text-editor.default\">\n\t\t\t\t<div class=\"elementor-widget-container\">\n\t\t\t\t\t\t\t<ul><li>Pour <strong>les week-ends sp\u00e9ciaux<\/strong> comme P\u00e2ques, Pentec\u00f4te, l&rsquo;Ascension de Notre-Seigneur, le Tour des Flandres, le Koppenbergcross et le Superprestige Gavere : prix sur demande.<\/li><li><strong>Nuit suppl\u00e9mentaire<\/strong> (si possible) . Un suppl\u00e9ment de 175 \u20ac vous sera factur\u00e9 pour cela.<\/li><li>Une <strong>caution<\/strong> de 300 \u20ac est demand\u00e9e \u00e0 la r\u00e9servation. Cet acompte sert de confirmation d\u00e9finitive de votre r\u00e9servation. Le montant total de la location doit \u00eatre r\u00e9gl\u00e9 au moins 1 mois avant l&rsquo;arriv\u00e9e.<\/li><li>En <strong>cas d&rsquo;annulation<\/strong> moins de 4 semaines \u00e0 l&rsquo;avance, l&rsquo;acompte ne sera pas rembours\u00e9.<\/li><li><strong>Week-end<\/strong> : <strong>arriv\u00e9e le vendredi \u00e0 partir de 15h00<\/strong> ou apr\u00e8s consultation. <strong>D\u00e9part le dimanche matin \u00e0 11h00<\/strong> ou apr\u00e8s consultation. Wim sera pr\u00e9sent \u00e0 votre arriv\u00e9e pour remettre les cl\u00e9s. A votre d\u00e9part, il sera \u00e9galement pr\u00e9sent pour r\u00e9cup\u00e9rer les cl\u00e9s et faire un bref check-up afin que vous puissiez rembourser la caution le plus rapidement possible.<\/li><li><strong>Semaine :<\/strong> 7 nuits. <strong>Arriv\u00e9e \u00e0 partir de 15h00<\/strong> ou plus t\u00f4t apr\u00e8s concertation. <strong>D\u00e9part \u00e0 11h00<\/strong> ou apr\u00e8s concertation. Wim sera pr\u00e9sent lors de votre arriv\u00e9e pour remettre les cl\u00e9s et lors de votre d\u00e9part pour les r\u00e9cup\u00e9rer, nous ferons ensemble un rapide \u00e9tat des lieux afin de pouvoir restituer la caution le plus rapidement possible.<\/li><li><strong>Inclus dans le prix :<\/strong> &#8211; taxe de s\u00e9jour &#8211; eau et \u00e9lectricit\u00e9 &#8211; chauffage &#8211; WiFi &#8211; shampoing cheveux et corps &#8211; draps et oreillers &#8211; serviettes &#8211; grains pour machine \u00e0 caf\u00e9 &#8211; th\u00e9 &#8211; torchons &#8211; torchons de cuisine &#8211; pack de d\u00e9marrage de papier toilette et essuie-tout &#8211; liquide vaisselle &#8211; tablettes pour lave-vaisselle &#8211; nettoyant tout usage &#8211; nettoyage final<\/li><\/ul>\t\t\t\t\t\t<\/div>\n\t\t\t\t<\/div>\n\t\t\t\t\t<\/div>\n\t\t\t\t<\/div>\n\t\t\t\t<\/div>\n\t\t","protected":false},"excerpt":{"rendered":"<p>Week-end \u20ac 650 Semaine \u20ac 1460 Pour les week-ends sp\u00e9ciaux comme P\u00e2ques, Pentec\u00f4te, l&rsquo;Ascension de Notre-Seigneur, le Tour des Flandres, le Koppenbergcross et le Superprestige Gavere : prix sur demande. Nuit suppl\u00e9mentaire (si possible) . Un suppl\u00e9ment de 175 \u20ac vous sera factur\u00e9 pour cela. Une caution de 300 \u20ac est demand\u00e9e \u00e0 la r\u00e9servation. [&hellip;]<\/p>\n","protected":false},"author":1,"featured_media":0,"parent":0,"menu_order":0,"comment_status":"closed","ping_status":"closed","template":"","meta":{"ocean_post_layout":"","ocean_both_sidebars_style":"","ocean_both_sidebars_content_width":0,"ocean_both_sidebars_sidebars_width":0,"ocean_sidebar":"","ocean_second_sidebar":"","ocean_disable_margins":"enable","ocean_add_body_class":"","ocean_shortcode_before_top_bar":"","ocean_shortcode_after_top_bar":"","ocean_shortcode_before_header":"","ocean_shortcode_after_header":"","ocean_has_shortcode":"","ocean_shortcode_after_title":"","ocean_shortcode_before_footer_widgets":"","ocean_shortcode_after_footer_widgets":"","ocean_shortcode_before_footer_bottom":"","ocean_shortcode_after_footer_bottom":"","ocean_display_top_bar":"default","ocean_display_header":"default","ocean_header_style":"","ocean_center_header_left_menu":"","ocean_custom_header_template":"","ocean_custom_logo":0,"ocean_custom_retina_logo":0,"ocean_custom_logo_max_width":0,"ocean_custom_logo_tablet_max_width":0,"ocean_custom_logo_mobile_max_width":0,"ocean_custom_logo_max_height":0,"ocean_custom_logo_tablet_max_height":0,"ocean_custom_logo_mobile_max_height":0,"ocean_header_custom_menu":"","ocean_menu_typo_font_family":"","ocean_menu_typo_font_subset":"","ocean_menu_typo_font_size":0,"ocean_menu_typo_font_size_tablet":0,"ocean_menu_typo_font_size_mobile":0,"ocean_menu_typo_font_size_unit":"px","ocean_menu_typo_font_weight":"","ocean_menu_typo_font_weight_tablet":"","ocean_menu_typo_font_weight_mobile":"","ocean_menu_typo_transform":"","ocean_menu_typo_transform_tablet":"","ocean_menu_typo_transform_mobile":"","ocean_menu_typo_line_height":0,"ocean_menu_typo_line_height_tablet":0,"ocean_menu_typo_line_height_mobile":0,"ocean_menu_typo_line_height_unit":"","ocean_menu_typo_spacing":0,"ocean_menu_typo_spacing_tablet":0,"ocean_menu_typo_spacing_mobile":0,"ocean_menu_typo_spacing_unit":"","ocean_menu_link_color":"","ocean_menu_link_color_hover":"","ocean_menu_link_color_active":"","ocean_menu_link_background":"","ocean_menu_link_hover_background":"","ocean_menu_link_active_background":"","ocean_menu_social_links_bg":"","ocean_menu_social_hover_links_bg":"","ocean_menu_social_links_color":"","ocean_menu_social_hover_links_color":"","ocean_disable_title":"default","ocean_disable_heading":"default","ocean_post_title":"","ocean_post_subheading":"","ocean_post_title_style":"","ocean_post_title_background_color":"","ocean_post_title_background":0,"ocean_post_title_bg_image_position":"","ocean_post_title_bg_image_attachment":"","ocean_post_title_bg_image_repeat":"","ocean_post_title_bg_image_size":"","ocean_post_title_height":0,"ocean_post_title_bg_overlay":0.5,"ocean_post_title_bg_overlay_color":"","ocean_disable_breadcrumbs":"default","ocean_breadcrumbs_color":"","ocean_breadcrumbs_separator_color":"","ocean_breadcrumbs_links_color":"","ocean_breadcrumbs_links_hover_color":"","ocean_display_footer_widgets":"default","ocean_display_footer_bottom":"default","ocean_custom_footer_template":"","ofc_meta_disable_footer_callout":"","ofc_meta_callout_button_url":"","ofc_meta_callout_button_txt":"","ofc_meta_callout_text":"","ofc_enable_fullscreen":"disable","ofc_fullscreen_speed":0,"ofc_fullscreen_nav":"enable","ofc_fullscreen_nav_pos":"right","ofc_fullscreen_nav_color":"","ofc_fullscreen_nav_tooltip_color":"","ofc_fullscreen_responsive":0,"osp_disable_panel":"default","osh_disable_topbar_sticky":"default","osh_disable_header_sticky":"default","osh_sticky_header_style":"default","osh_sticky_header_effect":"","osh_custom_sticky_logo":0,"osh_custom_retina_sticky_logo":0,"osh_custom_sticky_logo_height":0,"osh_background_color":"","osh_links_color":"","osh_links_hover_color":"","osh_links_active_color":"","osh_links_bg_color":"","osh_links_hover_bg_color":"","osh_links_active_bg_color":"","osh_menu_social_links_color":"","osh_menu_social_hover_links_color":"","footnotes":""},"class_list":["post-1467","page","type-page","status-publish","hentry","entry"],"_links":{"self":[{"href":"https:\/\/www.walknride.be\/fr\/wp-json\/wp\/v2\/pages\/1467","targetHints":{"allow":["GET"]}}],"collection":[{"href":"https:\/\/www.walknride.be\/fr\/wp-json\/wp\/v2\/pages"}],"about":[{"href":"https:\/\/www.walknride.be\/fr\/wp-json\/wp\/v2\/types\/page"}],"author":[{"embeddable":true,"href":"https:\/\/www.walknride.be\/fr\/wp-json\/wp\/v2\/users\/1"}],"replies":[{"embeddable":true,"href":"https:\/\/www.walknride.be\/fr\/wp-json\/wp\/v2\/comments?post=1467"}],"version-history":[{"count":13,"href":"https:\/\/www.walknride.be\/fr\/wp-json\/wp\/v2\/pages\/1467\/revisions"}],"predecessor-version":[{"id":1612,"href":"https:\/\/www.walknride.be\/fr\/wp-json\/wp\/v2\/pages\/1467\/revisions\/1612"}],"wp:attachment":[{"href":"https:\/\/www.walknride.be\/fr\/wp-json\/wp\/v2\/media?parent=1467"}],"curies":[{"name":"wp","href":"https:\/\/api.w.org\/{rel}","templated":true}]}}