{"id":1496,"date":"2024-07-16T07:49:10","date_gmt":"2024-07-16T07:49:10","guid":{"rendered":"https:\/\/www.walknride.be\/umgebung-tipps\/"},"modified":"2024-09-30T14:47:03","modified_gmt":"2024-09-30T14:47:03","slug":"umgebung-tipps","status":"publish","type":"page","link":"https:\/\/www.walknride.be\/de\/umgebung-tipps\/","title":{"rendered":"Umgebung &amp; Tipps"},"content":{"rendered":"\t\t<div data-elementor-type=\"wp-page\" data-elementor-id=\"1496\" class=\"elementor elementor-1496 elementor-1187\">\n\t\t\t\t<div class=\"elementor-element elementor-element-ec9ab75 e-flex e-con-boxed e-con e-parent\" data-id=\"ec9ab75\" data-element_type=\"container\">\n\t\t\t\t\t<div class=\"e-con-inner\">\n\t\t\t\t<div class=\"elementor-element elementor-element-9cf6917 elementor-widget elementor-widget-text-editor\" data-id=\"9cf6917\" data-element_type=\"widget\" data-widget_type=\"text-editor.default\">\n\t\t\t\t<div class=\"elementor-widget-container\">\n\t\t\t<style>\/*! elementor - v3.23.0 - 15-07-2024 *\/\n.elementor-widget-text-editor.elementor-drop-cap-view-stacked .elementor-drop-cap{background-color:#69727d;color:#fff}.elementor-widget-text-editor.elementor-drop-cap-view-framed .elementor-drop-cap{color:#69727d;border:3px solid;background-color:transparent}.elementor-widget-text-editor:not(.elementor-drop-cap-view-default) .elementor-drop-cap{margin-top:8px}.elementor-widget-text-editor:not(.elementor-drop-cap-view-default) .elementor-drop-cap-letter{width:1em;height:1em}.elementor-widget-text-editor .elementor-drop-cap{float:left;text-align:center;line-height:1;font-size:50px}.elementor-widget-text-editor .elementor-drop-cap-letter{display:inline-block}<\/style>\t\t\t\t<p>In unserer Ferienwohnung finden Sie zahlreiche Wander- und Radwege auf den Wandtafeln im Esszimmer<strong><br \/><\/strong> <strong>SCHAUEN SIE<\/strong>, <strong>SCANNEN SIE<\/strong> und <strong>ENTDECKEN SIE<\/strong> Ihr Lieblings-Wander- und\/oder Fahrradziel.<\/p>\n\t\t\t\t\t\t<\/div>\n\t\t\t\t<\/div>\n\t\t\t\t\t<\/div>\n\t\t\t\t<\/div>\n\t\t<div class=\"elementor-element elementor-element-4d28da7 e-grid e-con-boxed e-con e-parent\" data-id=\"4d28da7\" data-element_type=\"container\">\n\t\t\t\t\t<div class=\"e-con-inner\">\n\t\t\t\t<div class=\"elementor-element elementor-element-8a0be51 elementor-widget elementor-widget-image\" data-id=\"8a0be51\" data-element_type=\"widget\" data-widget_type=\"image.default\">\n\t\t\t\t<div class=\"elementor-widget-container\">\n\t\t\t<style>\/*! elementor - v3.23.0 - 15-07-2024 *\/\n.elementor-widget-image{text-align:center}.elementor-widget-image a{display:inline-block}.elementor-widget-image a img[src$=\".svg\"]{width:48px}.elementor-widget-image img{vertical-align:middle;display:inline-block}<\/style>\t\t\t\t\t\t\t\t\t\t<img fetchpriority=\"high\" decoding=\"async\" width=\"768\" height=\"1024\" src=\"https:\/\/www.walknride.be\/wp-content\/uploads\/2024\/07\/WANDELEN-IN-DE-VL-ARDENNEN-QR-CODE.jpg\" class=\"attachment-large size-large wp-image-1083\" alt=\"\" srcset=\"https:\/\/www.walknride.be\/wp-content\/uploads\/2024\/07\/WANDELEN-IN-DE-VL-ARDENNEN-QR-CODE.jpg 768w, https:\/\/www.walknride.be\/wp-content\/uploads\/2024\/07\/WANDELEN-IN-DE-VL-ARDENNEN-QR-CODE-225x300.jpg 225w\" sizes=\"(max-width: 768px) 100vw, 768px\" \/>\t\t\t\t\t\t\t\t\t\t\t\t\t<\/div>\n\t\t\t\t<\/div>\n\t\t\t\t<div class=\"elementor-element elementor-element-bcbccc9 elementor-widget elementor-widget-image\" data-id=\"bcbccc9\" data-element_type=\"widget\" data-widget_type=\"image.default\">\n\t\t\t\t<div class=\"elementor-widget-container\">\n\t\t\t\t\t\t\t\t\t\t\t\t\t<img decoding=\"async\" width=\"683\" height=\"1024\" src=\"https:\/\/www.walknride.be\/wp-content\/uploads\/2024\/07\/FIETSEN-IN-DE-VL-ARDENNEN-QR-CODE-1-683x1024.jpg\" class=\"attachment-large size-large wp-image-1192\" alt=\"\" srcset=\"https:\/\/www.walknride.be\/wp-content\/uploads\/2024\/07\/FIETSEN-IN-DE-VL-ARDENNEN-QR-CODE-1-683x1024.jpg 683w, https:\/\/www.walknride.be\/wp-content\/uploads\/2024\/07\/FIETSEN-IN-DE-VL-ARDENNEN-QR-CODE-1-200x300.jpg 200w, https:\/\/www.walknride.be\/wp-content\/uploads\/2024\/07\/FIETSEN-IN-DE-VL-ARDENNEN-QR-CODE-1.jpg 736w\" sizes=\"(max-width: 683px) 100vw, 683px\" \/>\t\t\t\t\t\t\t\t\t\t\t\t\t<\/div>\n\t\t\t\t<\/div>\n\t\t\t\t\t<\/div>\n\t\t\t\t<\/div>\n\t\t<div class=\"elementor-element elementor-element-2f7e54e e-flex e-con-boxed e-con e-parent\" data-id=\"2f7e54e\" data-element_type=\"container\">\n\t\t\t\t\t<div class=\"e-con-inner\">\n\t\t\t\t<div class=\"elementor-element elementor-element-3b00f2b elementor-widget elementor-widget-text-editor\" data-id=\"3b00f2b\" data-element_type=\"widget\" data-widget_type=\"text-editor.default\">\n\t\t\t\t<div class=\"elementor-widget-container\">\n\t\t\t\t\t\t\t<p>Unser geliebtes Dorf Nederename mag mit seinen etwa 2700 Einwohnern nicht besonders gro\u00df sein, aber trotzdem findet man dort fast alles.<\/p><p>Wir haben die allseits bekannte B\u00e4ckerei <strong>Panda<\/strong>, den k\u00fcrzlich komplett renovierten <strong>Delhaize<\/strong>-Supermarkt, das Fahrradgesch\u00e4ft <strong>Velohuis<\/strong>, einen der gr\u00f6\u00dften <strong>Dartshops<\/strong> der Region bei Pieter, das Wellness-Center <strong>Sans Soleil<\/strong>, die <strong>Q8 Tankstelle<\/strong> &amp; die Werkstatt Schiettecatte, das Restaurant <strong>Bellebroek<\/strong>, den Gardinenshop <strong>Lylytex<\/strong>, die <strong>Pommesbude Marianne<\/strong>, die Apotheke <strong>Appelmans<\/strong>, <strong>Arztpraxen<\/strong>, einige <strong>Friseure<\/strong>, Malerbetrieb <strong>Jodeco &amp; Bro<\/strong>, die Baumschule <strong>De Bock<\/strong>, die Werkstatt <strong>Steurbaut<\/strong>, Bekleidungsgesch\u00e4ft <strong>Biade<\/strong>, das Nagelstudio <strong>Bij Nele<\/strong> und das <strong>Lotto-Center<\/strong> &amp; den <strong>Partyservice Anja &amp; Carine<\/strong> an der Kirche.<\/p><p>Weitere Informationen finden Sie in der K\u00fcche unter &#8222;TIPS&#8220; an der Wand.<\/p><h2>Besuch in Oudenaarde<\/h2><p>Als Radsportfan kommst du an <a href=\"https:\/\/visit.oudenaarde.be\/\">Oudenaarde<\/a> nicht vorbei. Jedes Jahr \u00fcberqueren hier sportliche Helden die Ziellinie des renommierten Klassikers schlechthin: der Ronde van Vlaanderen. Aber auch wenn du keine Lust hast, in die Fu\u00dfstapfen von Philippe Gilbert und Peter Sagan zu treten, hat die Stadt viel zu bieten.<\/p><h5>Fahre deine eigene Runde<\/h5><p>Die Geschichte von Vlaanderens Sch\u00f6nster kannst du im Centrum <a href=\"https:\/\/www.visitvlaamseardennen.be\/het-centrum-ronde-van-vlaanderen\">Ronde van Vlaanderen<\/a> erleben. F\u00fcr aktive Radfahrer ist dies der ideale Ausgangspunkt f\u00fcr eine anspruchsvolle Tour mit 3 Routen von mehr als 100 Kilometern. Wer es lieber gem\u00fctlich angehen l\u00e4sst, kann die Dauerausstellung besuchen oder im gem\u00fctlichen <a href=\"https:\/\/crvv.be\/brasserie\/\">Peloton Caf\u00e9<\/a> entspannen.<\/p><h5>Sportliche Herausforderungen<\/h5><p>Kannst du nicht genug von sportlichen Herausforderungen bekommen? Im Abenteuerpark <a href=\"https:\/\/www.visitvlaamseardennen.be\/outsider-oudenaarde\">The Outsider<\/a> Vlaamse Ardennen kannst du den Kletterturm Blue Diamond erklimmen, deine Armmuskeln beim Kajakfahren trainieren oder deine Wassersportf\u00e4higkeiten bei einer Session Wakeboarden oder Wasserski unter Beweis stellen.<\/p><h5>Kulturelle Geschichte<\/h5><p>Auch Kulturliebhaber kommen in Oudenaarde auf ihre Kosten. Die beeindruckende Sint-Walburga-Kirche, ein sch\u00f6nes Beispiel der Brabanter Gotik, ragt \u00fcber das Zentrum und seine historischen Geb\u00e4ude hinaus. Das imposante Belfried geh\u00f6rt zum UNESCO-Weltkulturerbe. Und wusstest du, dass die Stadt jahrhundertelang f\u00fcr ihre Wandteppiche ber\u00fchmt war? Im <a href=\"https:\/\/www.visitvlaamseardennen.be\/het-mou-oudenaarde\">MOU &#8211; Museum Oudenaarde und die Vlaamse Ardennen<\/a> findest du eine umfangreiche Sammlung.<\/p><h5>Entspannen in der Natur<\/h5><p>M\u00f6chtest du deine Batterien gerne in aller Ruhe aufladen? Genie\u00dfe die Stille bei einem Spaziergang durch die idyllischen H\u00fcgel und gr\u00fcnen T\u00e4ler der Region. Nimm bei sch\u00f6nem Wetter dein Picknick mit oder besuche eines der vielen authentischen Caf\u00e9s und Restaurants in der Umgebung. Vergiss nicht, ein belgisches Braunbier zu probieren, denn daf\u00fcr ist Oudenaarde seit dem Mittelalter bekannt.<\/p><h2><strong>Eine Fahrt auf den Berendries<\/strong><\/h2><p>Wenn Sie Brakel besuchen, sollten Sie unbedingt den steilen Berendries erkunden. Der Berendries ist einer der schweren Anstiege der Ronde van Vlaanderen.<\/p><p>Hier sollten Sie unbedingt einen Zwischenstopp im gem\u00fctlichen Caf\u00e9 &#8222;De StapperAlm&#8220; bei Isabelle und Jeroen einlegen. Ein idealer Rastplatz f\u00fcr Radsportfans und Wanderer.<\/p>\t\t\t\t\t\t<\/div>\n\t\t\t\t<\/div>\n\t\t\t\t\t<\/div>\n\t\t\t\t<\/div>\n\t\t<div class=\"elementor-element elementor-element-cc4b502 e-flex e-con-boxed e-con e-parent\" data-id=\"cc4b502\" data-element_type=\"container\">\n\t\t\t\t\t<div class=\"e-con-inner\">\n\t\t\t\t<div class=\"elementor-element elementor-element-c89bf53 elementor-widget elementor-widget-image\" data-id=\"c89bf53\" data-element_type=\"widget\" data-widget_type=\"image.default\">\n\t\t\t\t<div class=\"elementor-widget-container\">\n\t\t\t\t\t\t\t\t\t\t\t\t\t<img decoding=\"async\" width=\"300\" height=\"200\" src=\"https:\/\/www.walknride.be\/wp-content\/uploads\/2024\/07\/LOGO-STAPPERSALM.jpg\" class=\"attachment-full size-full wp-image-1051\" alt=\"\" \/>\t\t\t\t\t\t\t\t\t\t\t\t\t<\/div>\n\t\t\t\t<\/div>\n\t\t\t\t<div class=\"elementor-element elementor-element-7181b41 elementor-widget elementor-widget-text-editor\" data-id=\"7181b41\" data-element_type=\"widget\" data-widget_type=\"text-editor.default\">\n\t\t\t\t<div class=\"elementor-widget-container\">\n\t\t\t\t\t\t\t<p>Bei sch\u00f6nem Wetter k\u00f6nnen Sie auf der sch\u00f6nen Terrasse mit herrlichem Blick auf die Fl\u00e4mischen Ardennen herrlich entspannen.<br \/>Neben Erfrischungsgetr\u00e4nken, Kaffee und Tee bietet das Caf\u00e9 auch eine gro\u00dfe Auswahl an Trappisten- und regionalen Bieren. Mehr als 50 Sorten stehen zur Auswahl.<\/p>\n<p>Wenn Sie Lust auf ein frisch gezapftes Bier haben, gibt es hier ganze 7 Sorten zur Auswahl:<\/p>\n<p>La Chouffe, La Chouffe vom Fass, Liefmans Oud Bruin, Liefmans Kriek Fruitesse, Roman Pils, Roman Adriaan Brouwer und Roman Ename Blond. Die Auswahl ist also gro\u00df&#8230;<\/p>\n<p>Neben der Bierauswahl k\u00f6nnen Sie auch die deftige Speise- und Dessertkarte genie\u00dfen, die einen Hauch von \u00f6sterreichischer K\u00fcche hat. Die &#8222;StappersAlm&#8220;&#8230; The Place To Be!<\/p>\n\t\t\t\t\t\t<\/div>\n\t\t\t\t<\/div>\n\t\t\t\t\t<\/div>\n\t\t\t\t<\/div>\n\t\t\t\t<\/div>\n\t\t","protected":false},"excerpt":{"rendered":"<p>In unserer Ferienwohnung finden Sie zahlreiche Wander- und Radwege auf den Wandtafeln im Esszimmer SCHAUEN SIE, SCANNEN SIE und ENTDECKEN SIE Ihr Lieblings-Wander- und\/oder Fahrradziel. Unser geliebtes Dorf Nederename mag mit seinen etwa 2700 Einwohnern nicht besonders gro\u00df sein, aber trotzdem findet man dort fast alles. Wir haben die allseits bekannte B\u00e4ckerei Panda, den k\u00fcrzlich [&hellip;]<\/p>\n","protected":false},"author":1,"featured_media":0,"parent":0,"menu_order":0,"comment_status":"closed","ping_status":"closed","template":"","meta":{"ocean_post_layout":"","ocean_both_sidebars_style":"","ocean_both_sidebars_content_width":0,"ocean_both_sidebars_sidebars_width":0,"ocean_sidebar":"","ocean_second_sidebar":"","ocean_disable_margins":"enable","ocean_add_body_class":"","ocean_shortcode_before_top_bar":"","ocean_shortcode_after_top_bar":"","ocean_shortcode_before_header":"","ocean_shortcode_after_header":"","ocean_has_shortcode":"","ocean_shortcode_after_title":"","ocean_shortcode_before_footer_widgets":"","ocean_shortcode_after_footer_widgets":"","ocean_shortcode_before_footer_bottom":"","ocean_shortcode_after_footer_bottom":"","ocean_display_top_bar":"default","ocean_display_header":"default","ocean_header_style":"","ocean_center_header_left_menu":"","ocean_custom_header_template":"","ocean_custom_logo":0,"ocean_custom_retina_logo":0,"ocean_custom_logo_max_width":0,"ocean_custom_logo_tablet_max_width":0,"ocean_custom_logo_mobile_max_width":0,"ocean_custom_logo_max_height":0,"ocean_custom_logo_tablet_max_height":0,"ocean_custom_logo_mobile_max_height":0,"ocean_header_custom_menu":"","ocean_menu_typo_font_family":"","ocean_menu_typo_font_subset":"","ocean_menu_typo_font_size":0,"ocean_menu_typo_font_size_tablet":0,"ocean_menu_typo_font_size_mobile":0,"ocean_menu_typo_font_size_unit":"px","ocean_menu_typo_font_weight":"","ocean_menu_typo_font_weight_tablet":"","ocean_menu_typo_font_weight_mobile":"","ocean_menu_typo_transform":"","ocean_menu_typo_transform_tablet":"","ocean_menu_typo_transform_mobile":"","ocean_menu_typo_line_height":0,"ocean_menu_typo_line_height_tablet":0,"ocean_menu_typo_line_height_mobile":0,"ocean_menu_typo_line_height_unit":"","ocean_menu_typo_spacing":0,"ocean_menu_typo_spacing_tablet":0,"ocean_menu_typo_spacing_mobile":0,"ocean_menu_typo_spacing_unit":"","ocean_menu_link_color":"","ocean_menu_link_color_hover":"","ocean_menu_link_color_active":"","ocean_menu_link_background":"","ocean_menu_link_hover_background":"","ocean_menu_link_active_background":"","ocean_menu_social_links_bg":"","ocean_menu_social_hover_links_bg":"","ocean_menu_social_links_color":"","ocean_menu_social_hover_links_color":"","ocean_disable_title":"default","ocean_disable_heading":"default","ocean_post_title":"","ocean_post_subheading":"","ocean_post_title_style":"","ocean_post_title_background_color":"","ocean_post_title_background":0,"ocean_post_title_bg_image_position":"","ocean_post_title_bg_image_attachment":"","ocean_post_title_bg_image_repeat":"","ocean_post_title_bg_image_size":"","ocean_post_title_height":0,"ocean_post_title_bg_overlay":0.5,"ocean_post_title_bg_overlay_color":"","ocean_disable_breadcrumbs":"default","ocean_breadcrumbs_color":"","ocean_breadcrumbs_separator_color":"","ocean_breadcrumbs_links_color":"","ocean_breadcrumbs_links_hover_color":"","ocean_display_footer_widgets":"default","ocean_display_footer_bottom":"default","ocean_custom_footer_template":"","ofc_meta_disable_footer_callout":"","ofc_meta_callout_button_url":"","ofc_meta_callout_button_txt":"","ofc_meta_callout_text":"","ofc_enable_fullscreen":"disable","ofc_fullscreen_speed":0,"ofc_fullscreen_nav":"enable","ofc_fullscreen_nav_pos":"right","ofc_fullscreen_nav_color":"","ofc_fullscreen_nav_tooltip_color":"","ofc_fullscreen_responsive":0,"osp_disable_panel":"default","osh_disable_topbar_sticky":"default","osh_disable_header_sticky":"default","osh_sticky_header_style":"default","osh_sticky_header_effect":"","osh_custom_sticky_logo":0,"osh_custom_retina_sticky_logo":0,"osh_custom_sticky_logo_height":0,"osh_background_color":"","osh_links_color":"","osh_links_hover_color":"","osh_links_active_color":"","osh_links_bg_color":"","osh_links_hover_bg_color":"","osh_links_active_bg_color":"","osh_menu_social_links_color":"","osh_menu_social_hover_links_color":"","footnotes":""},"class_list":["post-1496","page","type-page","status-publish","hentry","entry"],"_links":{"self":[{"href":"https:\/\/www.walknride.be\/de\/wp-json\/wp\/v2\/pages\/1496","targetHints":{"allow":["GET"]}}],"collection":[{"href":"https:\/\/www.walknride.be\/de\/wp-json\/wp\/v2\/pages"}],"about":[{"href":"https:\/\/www.walknride.be\/de\/wp-json\/wp\/v2\/types\/page"}],"author":[{"embeddable":true,"href":"https:\/\/www.walknride.be\/de\/wp-json\/wp\/v2\/users\/1"}],"replies":[{"embeddable":true,"href":"https:\/\/www.walknride.be\/de\/wp-json\/wp\/v2\/comments?post=1496"}],"version-history":[{"count":7,"href":"https:\/\/www.walknride.be\/de\/wp-json\/wp\/v2\/pages\/1496\/revisions"}],"predecessor-version":[{"id":1608,"href":"https:\/\/www.walknride.be\/de\/wp-json\/wp\/v2\/pages\/1496\/revisions\/1608"}],"wp:attachment":[{"href":"https:\/\/www.walknride.be\/de\/wp-json\/wp\/v2\/media?parent=1496"}],"curies":[{"name":"wp","href":"https:\/\/api.w.org\/{rel}","templated":true}]}}