{"id":1494,"date":"2024-07-16T07:46:22","date_gmt":"2024-07-16T07:46:22","guid":{"rendered":"https:\/\/www.walknride.be\/hausordnung\/"},"modified":"2024-08-16T08:30:55","modified_gmt":"2024-08-16T08:30:55","slug":"hausordnung","status":"publish","type":"page","link":"https:\/\/www.walknride.be\/de\/hausordnung\/","title":{"rendered":"Hausordnung"},"content":{"rendered":"\t\t<div data-elementor-type=\"wp-page\" data-elementor-id=\"1494\" class=\"elementor elementor-1494 elementor-1180\">\n\t\t\t\t<div class=\"elementor-element elementor-element-fc03fc7 e-flex e-con-boxed e-con e-parent\" data-id=\"fc03fc7\" data-element_type=\"container\">\n\t\t\t\t\t<div class=\"e-con-inner\">\n\t\t\t\t<div class=\"elementor-element elementor-element-19cecc6 elementor-widget elementor-widget-text-editor\" data-id=\"19cecc6\" data-element_type=\"widget\" data-widget_type=\"text-editor.default\">\n\t\t\t\t<div class=\"elementor-widget-container\">\n\t\t\t<style>\/*! elementor - v3.23.0 - 15-07-2024 *\/\n.elementor-widget-text-editor.elementor-drop-cap-view-stacked .elementor-drop-cap{background-color:#69727d;color:#fff}.elementor-widget-text-editor.elementor-drop-cap-view-framed .elementor-drop-cap{color:#69727d;border:3px solid;background-color:transparent}.elementor-widget-text-editor:not(.elementor-drop-cap-view-default) .elementor-drop-cap{margin-top:8px}.elementor-widget-text-editor:not(.elementor-drop-cap-view-default) .elementor-drop-cap-letter{width:1em;height:1em}.elementor-widget-text-editor .elementor-drop-cap{float:left;text-align:center;line-height:1;font-size:50px}.elementor-widget-text-editor .elementor-drop-cap-letter{display:inline-block}<\/style>\t\t\t\t<ul><li>Buchen <strong>Sie mindestens 2 N\u00e4chte<\/strong>.<\/li><li><strong>Haustiere<\/strong> sind nicht erlaubt.<\/li><li><strong>Rauchen<\/strong> ist strengstens verboten.<\/li><li><strong>Partys<\/strong> sind untersagt. Bei Versto\u00df werden die Mieter ohne R\u00fcckerstattung des Mietpreises aus der Ferienwohnung verwiesen, aus Respekt vor unseren Nachbarn.<\/li><li>Die Ferienwohnung ist <strong>f\u00fcr sechs Personen versichert<\/strong>. Daher d\u00fcrfen nicht mehr als sechs Personen zugelassen werden. Bei Zuwiderhandlung werden die Mieter ohne R\u00fcckerstattung des Mietpreises aus der Ferienwohnung verwiesen.<\/li><li><strong>Nachtruhe<\/strong> ist in unserer ruhigen Nachbarschaft wichtig. Wir bitten daher, ab 22:00 Uhr etwas leiser zu sein. Vielen Dank f\u00fcr Ihr Verst\u00e4ndnis.<\/li><li>In der Garage finden Sie die entsprechenden <strong>M\u00fcllbeh\u00e4lter<\/strong>. Bitte sortieren Sie den M\u00fcll in die daf\u00fcr vorgesehenen Beh\u00e4lter.<\/li><li>Der <strong>Kamin<\/strong> im Wohnzimmer ist ein Dekorationskamin und darf nicht angez\u00fcndet werden.<\/li><li>Bitte schlie\u00dfen Sie <strong>am Ende Ihres Aufenthalts<\/strong> Fenster und T\u00fcren und schalten Sie auch die Heizung aus.<\/li><\/ul><p><strong>Abschlie\u00dfend m\u00f6chten wir betonen, dass wir gro\u00dfen Wert darauf legen, Ihnen die Wohnung sauber und gepflegt anzubieten, um Ihnen einen angenehmen Aufenthalt zu erm\u00f6glichen. Wir sind sicher, dass Sie dies sehr sch\u00e4tzen und respektieren werden.<\/strong><\/p>\t\t\t\t\t\t<\/div>\n\t\t\t\t<\/div>\n\t\t\t\t\t<\/div>\n\t\t\t\t<\/div>\n\t\t\t\t<\/div>\n\t\t","protected":false},"excerpt":{"rendered":"<p>Buchen Sie mindestens 2 N\u00e4chte. Haustiere sind nicht erlaubt. Rauchen ist strengstens verboten. Partys sind untersagt. Bei Versto\u00df werden die Mieter ohne R\u00fcckerstattung des Mietpreises aus der Ferienwohnung verwiesen, aus Respekt vor unseren Nachbarn. Die Ferienwohnung ist f\u00fcr sechs Personen versichert. Daher d\u00fcrfen nicht mehr als sechs Personen zugelassen werden. Bei Zuwiderhandlung werden die Mieter [&hellip;]<\/p>\n","protected":false},"author":1,"featured_media":0,"parent":0,"menu_order":0,"comment_status":"closed","ping_status":"closed","template":"","meta":{"ocean_post_layout":"","ocean_both_sidebars_style":"","ocean_both_sidebars_content_width":0,"ocean_both_sidebars_sidebars_width":0,"ocean_sidebar":"","ocean_second_sidebar":"","ocean_disable_margins":"enable","ocean_add_body_class":"","ocean_shortcode_before_top_bar":"","ocean_shortcode_after_top_bar":"","ocean_shortcode_before_header":"","ocean_shortcode_after_header":"","ocean_has_shortcode":"","ocean_shortcode_after_title":"","ocean_shortcode_before_footer_widgets":"","ocean_shortcode_after_footer_widgets":"","ocean_shortcode_before_footer_bottom":"","ocean_shortcode_after_footer_bottom":"","ocean_display_top_bar":"default","ocean_display_header":"default","ocean_header_style":"","ocean_center_header_left_menu":"","ocean_custom_header_template":"","ocean_custom_logo":0,"ocean_custom_retina_logo":0,"ocean_custom_logo_max_width":0,"ocean_custom_logo_tablet_max_width":0,"ocean_custom_logo_mobile_max_width":0,"ocean_custom_logo_max_height":0,"ocean_custom_logo_tablet_max_height":0,"ocean_custom_logo_mobile_max_height":0,"ocean_header_custom_menu":"","ocean_menu_typo_font_family":"","ocean_menu_typo_font_subset":"","ocean_menu_typo_font_size":0,"ocean_menu_typo_font_size_tablet":0,"ocean_menu_typo_font_size_mobile":0,"ocean_menu_typo_font_size_unit":"px","ocean_menu_typo_font_weight":"","ocean_menu_typo_font_weight_tablet":"","ocean_menu_typo_font_weight_mobile":"","ocean_menu_typo_transform":"","ocean_menu_typo_transform_tablet":"","ocean_menu_typo_transform_mobile":"","ocean_menu_typo_line_height":0,"ocean_menu_typo_line_height_tablet":0,"ocean_menu_typo_line_height_mobile":0,"ocean_menu_typo_line_height_unit":"","ocean_menu_typo_spacing":0,"ocean_menu_typo_spacing_tablet":0,"ocean_menu_typo_spacing_mobile":0,"ocean_menu_typo_spacing_unit":"","ocean_menu_link_color":"","ocean_menu_link_color_hover":"","ocean_menu_link_color_active":"","ocean_menu_link_background":"","ocean_menu_link_hover_background":"","ocean_menu_link_active_background":"","ocean_menu_social_links_bg":"","ocean_menu_social_hover_links_bg":"","ocean_menu_social_links_color":"","ocean_menu_social_hover_links_color":"","ocean_disable_title":"default","ocean_disable_heading":"default","ocean_post_title":"","ocean_post_subheading":"","ocean_post_title_style":"","ocean_post_title_background_color":"","ocean_post_title_background":0,"ocean_post_title_bg_image_position":"","ocean_post_title_bg_image_attachment":"","ocean_post_title_bg_image_repeat":"","ocean_post_title_bg_image_size":"","ocean_post_title_height":0,"ocean_post_title_bg_overlay":0.5,"ocean_post_title_bg_overlay_color":"","ocean_disable_breadcrumbs":"default","ocean_breadcrumbs_color":"","ocean_breadcrumbs_separator_color":"","ocean_breadcrumbs_links_color":"","ocean_breadcrumbs_links_hover_color":"","ocean_display_footer_widgets":"default","ocean_display_footer_bottom":"default","ocean_custom_footer_template":"","ofc_meta_disable_footer_callout":"","ofc_meta_callout_button_url":"","ofc_meta_callout_button_txt":"","ofc_meta_callout_text":"","ofc_enable_fullscreen":"disable","ofc_fullscreen_speed":0,"ofc_fullscreen_nav":"enable","ofc_fullscreen_nav_pos":"right","ofc_fullscreen_nav_color":"","ofc_fullscreen_nav_tooltip_color":"","ofc_fullscreen_responsive":0,"osp_disable_panel":"default","osh_disable_topbar_sticky":"default","osh_disable_header_sticky":"default","osh_sticky_header_style":"default","osh_sticky_header_effect":"","osh_custom_sticky_logo":0,"osh_custom_retina_sticky_logo":0,"osh_custom_sticky_logo_height":0,"osh_background_color":"","osh_links_color":"","osh_links_hover_color":"","osh_links_active_color":"","osh_links_bg_color":"","osh_links_hover_bg_color":"","osh_links_active_bg_color":"","osh_menu_social_links_color":"","osh_menu_social_hover_links_color":"","footnotes":""},"class_list":["post-1494","page","type-page","status-publish","hentry","entry"],"_links":{"self":[{"href":"https:\/\/www.walknride.be\/de\/wp-json\/wp\/v2\/pages\/1494","targetHints":{"allow":["GET"]}}],"collection":[{"href":"https:\/\/www.walknride.be\/de\/wp-json\/wp\/v2\/pages"}],"about":[{"href":"https:\/\/www.walknride.be\/de\/wp-json\/wp\/v2\/types\/page"}],"author":[{"embeddable":true,"href":"https:\/\/www.walknride.be\/de\/wp-json\/wp\/v2\/users\/1"}],"replies":[{"embeddable":true,"href":"https:\/\/www.walknride.be\/de\/wp-json\/wp\/v2\/comments?post=1494"}],"version-history":[{"count":4,"href":"https:\/\/www.walknride.be\/de\/wp-json\/wp\/v2\/pages\/1494\/revisions"}],"predecessor-version":[{"id":1562,"href":"https:\/\/www.walknride.be\/de\/wp-json\/wp\/v2\/pages\/1494\/revisions\/1562"}],"wp:attachment":[{"href":"https:\/\/www.walknride.be\/de\/wp-json\/wp\/v2\/media?parent=1494"}],"curies":[{"name":"wp","href":"https:\/\/api.w.org\/{rel}","templated":true}]}}