{"id":1492,"date":"2024-07-16T07:11:33","date_gmt":"2024-07-16T07:11:33","guid":{"rendered":"https:\/\/www.walknride.be\/tarieven\/"},"modified":"2024-09-30T14:51:29","modified_gmt":"2024-09-30T14:51:29","slug":"tarieven","status":"publish","type":"page","link":"https:\/\/www.walknride.be\/de\/tarieven\/","title":{"rendered":"Tarieven"},"content":{"rendered":"\t\t<div data-elementor-type=\"wp-page\" data-elementor-id=\"1492\" class=\"elementor elementor-1492 elementor-1165\">\n\t\t\t\t<div class=\"elementor-element elementor-element-e969a95 e-flex e-con-boxed e-con e-parent\" data-id=\"e969a95\" data-element_type=\"container\">\n\t\t\t\t\t<div class=\"e-con-inner\">\n\t\t<div class=\"elementor-element elementor-element-3c45fea e-grid e-con-full e-con e-child\" data-id=\"3c45fea\" data-element_type=\"container\">\n\t\t\t\t<div class=\"elementor-element elementor-element-0745ab3 elementor-widget elementor-widget-text-editor\" data-id=\"0745ab3\" data-element_type=\"widget\" data-widget_type=\"text-editor.default\">\n\t\t\t\t<div class=\"elementor-widget-container\">\n\t\t\t<style>\/*! elementor - v3.23.0 - 15-07-2024 *\/\n.elementor-widget-text-editor.elementor-drop-cap-view-stacked .elementor-drop-cap{background-color:#69727d;color:#fff}.elementor-widget-text-editor.elementor-drop-cap-view-framed .elementor-drop-cap{color:#69727d;border:3px solid;background-color:transparent}.elementor-widget-text-editor:not(.elementor-drop-cap-view-default) .elementor-drop-cap{margin-top:8px}.elementor-widget-text-editor:not(.elementor-drop-cap-view-default) .elementor-drop-cap-letter{width:1em;height:1em}.elementor-widget-text-editor .elementor-drop-cap{float:left;text-align:center;line-height:1;font-size:50px}.elementor-widget-text-editor .elementor-drop-cap-letter{display:inline-block}<\/style>\t\t\t\t<h2>Wochenende<\/h2>\n<h3>\u20ac 650<\/h3>\n\t\t\t\t\t\t<\/div>\n\t\t\t\t<\/div>\n\t\t\t\t<div class=\"elementor-element elementor-element-839c73e elementor-widget elementor-widget-text-editor\" data-id=\"839c73e\" data-element_type=\"widget\" data-widget_type=\"text-editor.default\">\n\t\t\t\t<div class=\"elementor-widget-container\">\n\t\t\t\t\t\t\t<h2>Woche<\/h2><h3>\u20ac 1460<\/h3>\t\t\t\t\t\t<\/div>\n\t\t\t\t<\/div>\n\t\t\t\t<\/div>\n\t\t\t\t<div class=\"elementor-element elementor-element-98c7c3d elementor-widget elementor-widget-text-editor\" data-id=\"98c7c3d\" data-element_type=\"widget\" data-widget_type=\"text-editor.default\">\n\t\t\t\t<div class=\"elementor-widget-container\">\n\t\t\t\t\t\t\t<ul><li>F\u00fcr <strong>besondere Wochenenden<\/strong> wie Ostern, Pfingsten, Christi Himmelfahrt, die Ronde van Vlaanderen, Koppenbergcross und die Superprestige Gavere: Preis auf Anfrage.<\/li><li><strong>Zus\u00e4tzliche Nacht<\/strong> m\u00f6glich, wenn verf\u00fcgbar, gegen einen Aufpreis von 175 \u20ac pro Nacht.<\/li><li>Bei Reservierung wird eine <strong>Kaution<\/strong> von 300 \u20ac verlangt. Diese Kaution gilt als definitive Best\u00e4tigung Ihrer Reservierung. Der Gesamtmietbetrag ist sp\u00e4testens 1 Monat vor Ankunft zu zahlen.<\/li><li>Bei <strong>Stornierung<\/strong> weniger als 4 Wochen vor dem Ankunftsdatum wird die Kaution nicht zur\u00fcckerstattet.<\/li><li><strong>Wochenende: Ankunft ab Freitag 15:00<\/strong> Uhr oder fr\u00fcher nach Absprache mit Wim. Abreise am <strong>Sonntagmorgen um 11:00<\/strong> Uhr oder nach Absprache. Wim wird bei Ihrer Ankunft anwesend sein, um die Schl\u00fcssel zu \u00fcbergeben, und bei Ihrer Abreise, um die Schl\u00fcssel entgegenzunehmen. Wir f\u00fchren zusammen eine kurze Inspektion durch, um die Kaution schnellstm\u00f6glich zur\u00fcckzuerstatten.<\/li><li><strong>Woche:<\/strong> 7 N\u00e4chte. <strong>Anreise ab 15:00<\/strong> Uhr oder fr\u00fcher nach Absprache. <strong>Abreise um 11:00<\/strong> Uhr oder nach Absprache. Wim wird bei eurer Ankunft anwesend sein, um die Schl\u00fcssel zu \u00fcbergeben, und bei eurer Abreise, um sie zur\u00fcckzunehmen. Wir werden gemeinsam eine kurze \u00dcberpr\u00fcfung durchf\u00fchren, um die Kaution so schnell wie m\u00f6glich zur\u00fcckzuerstatten.<\/li><li><strong>Im Preis inbegriffen:<\/strong> Kurtaxe, Wasser und Strom, Heizung, WLAN, Shampoo f\u00fcr Haar und K\u00f6rper, Bettw\u00e4sche und Kissen, Handt\u00fccher, Kaffeebohnen f\u00fcr die Kaffeemaschine, Tee, Geschirrt\u00fccher, K\u00fcchent\u00fccher, Starterpaket Toilettenpapier und K\u00fcchenrolle, Sp\u00fclmittel, Sp\u00fclmaschinen-Tabs, Allzweckreiniger, Endreinigung.<\/li><\/ul>\t\t\t\t\t\t<\/div>\n\t\t\t\t<\/div>\n\t\t\t\t\t<\/div>\n\t\t\t\t<\/div>\n\t\t\t\t<\/div>\n\t\t","protected":false},"excerpt":{"rendered":"<p>Wochenende \u20ac 650 Woche \u20ac 1460 F\u00fcr besondere Wochenenden wie Ostern, Pfingsten, Christi Himmelfahrt, die Ronde van Vlaanderen, Koppenbergcross und die Superprestige Gavere: Preis auf Anfrage. Zus\u00e4tzliche Nacht m\u00f6glich, wenn verf\u00fcgbar, gegen einen Aufpreis von 175 \u20ac pro Nacht. Bei Reservierung wird eine Kaution von 300 \u20ac verlangt. Diese Kaution gilt als definitive Best\u00e4tigung Ihrer [&hellip;]<\/p>\n","protected":false},"author":1,"featured_media":0,"parent":0,"menu_order":0,"comment_status":"closed","ping_status":"closed","template":"","meta":{"ocean_post_layout":"","ocean_both_sidebars_style":"","ocean_both_sidebars_content_width":0,"ocean_both_sidebars_sidebars_width":0,"ocean_sidebar":"","ocean_second_sidebar":"","ocean_disable_margins":"enable","ocean_add_body_class":"","ocean_shortcode_before_top_bar":"","ocean_shortcode_after_top_bar":"","ocean_shortcode_before_header":"","ocean_shortcode_after_header":"","ocean_has_shortcode":"","ocean_shortcode_after_title":"","ocean_shortcode_before_footer_widgets":"","ocean_shortcode_after_footer_widgets":"","ocean_shortcode_before_footer_bottom":"","ocean_shortcode_after_footer_bottom":"","ocean_display_top_bar":"default","ocean_display_header":"default","ocean_header_style":"","ocean_center_header_left_menu":"","ocean_custom_header_template":"","ocean_custom_logo":0,"ocean_custom_retina_logo":0,"ocean_custom_logo_max_width":0,"ocean_custom_logo_tablet_max_width":0,"ocean_custom_logo_mobile_max_width":0,"ocean_custom_logo_max_height":0,"ocean_custom_logo_tablet_max_height":0,"ocean_custom_logo_mobile_max_height":0,"ocean_header_custom_menu":"","ocean_menu_typo_font_family":"","ocean_menu_typo_font_subset":"","ocean_menu_typo_font_size":0,"ocean_menu_typo_font_size_tablet":0,"ocean_menu_typo_font_size_mobile":0,"ocean_menu_typo_font_size_unit":"px","ocean_menu_typo_font_weight":"","ocean_menu_typo_font_weight_tablet":"","ocean_menu_typo_font_weight_mobile":"","ocean_menu_typo_transform":"","ocean_menu_typo_transform_tablet":"","ocean_menu_typo_transform_mobile":"","ocean_menu_typo_line_height":0,"ocean_menu_typo_line_height_tablet":0,"ocean_menu_typo_line_height_mobile":0,"ocean_menu_typo_line_height_unit":"","ocean_menu_typo_spacing":0,"ocean_menu_typo_spacing_tablet":0,"ocean_menu_typo_spacing_mobile":0,"ocean_menu_typo_spacing_unit":"","ocean_menu_link_color":"","ocean_menu_link_color_hover":"","ocean_menu_link_color_active":"","ocean_menu_link_background":"","ocean_menu_link_hover_background":"","ocean_menu_link_active_background":"","ocean_menu_social_links_bg":"","ocean_menu_social_hover_links_bg":"","ocean_menu_social_links_color":"","ocean_menu_social_hover_links_color":"","ocean_disable_title":"default","ocean_disable_heading":"default","ocean_post_title":"","ocean_post_subheading":"","ocean_post_title_style":"","ocean_post_title_background_color":"","ocean_post_title_background":0,"ocean_post_title_bg_image_position":"","ocean_post_title_bg_image_attachment":"","ocean_post_title_bg_image_repeat":"","ocean_post_title_bg_image_size":"","ocean_post_title_height":0,"ocean_post_title_bg_overlay":0.5,"ocean_post_title_bg_overlay_color":"","ocean_disable_breadcrumbs":"default","ocean_breadcrumbs_color":"","ocean_breadcrumbs_separator_color":"","ocean_breadcrumbs_links_color":"","ocean_breadcrumbs_links_hover_color":"","ocean_display_footer_widgets":"default","ocean_display_footer_bottom":"default","ocean_custom_footer_template":"","ofc_meta_disable_footer_callout":"","ofc_meta_callout_button_url":"","ofc_meta_callout_button_txt":"","ofc_meta_callout_text":"","ofc_enable_fullscreen":"disable","ofc_fullscreen_speed":0,"ofc_fullscreen_nav":"enable","ofc_fullscreen_nav_pos":"right","ofc_fullscreen_nav_color":"","ofc_fullscreen_nav_tooltip_color":"","ofc_fullscreen_responsive":0,"osp_disable_panel":"default","osh_disable_topbar_sticky":"default","osh_disable_header_sticky":"default","osh_sticky_header_style":"default","osh_sticky_header_effect":"","osh_custom_sticky_logo":0,"osh_custom_retina_sticky_logo":0,"osh_custom_sticky_logo_height":0,"osh_background_color":"","osh_links_color":"","osh_links_hover_color":"","osh_links_active_color":"","osh_links_bg_color":"","osh_links_hover_bg_color":"","osh_links_active_bg_color":"","osh_menu_social_links_color":"","osh_menu_social_hover_links_color":"","footnotes":""},"class_list":["post-1492","page","type-page","status-publish","hentry","entry"],"_links":{"self":[{"href":"https:\/\/www.walknride.be\/de\/wp-json\/wp\/v2\/pages\/1492","targetHints":{"allow":["GET"]}}],"collection":[{"href":"https:\/\/www.walknride.be\/de\/wp-json\/wp\/v2\/pages"}],"about":[{"href":"https:\/\/www.walknride.be\/de\/wp-json\/wp\/v2\/types\/page"}],"author":[{"embeddable":true,"href":"https:\/\/www.walknride.be\/de\/wp-json\/wp\/v2\/users\/1"}],"replies":[{"embeddable":true,"href":"https:\/\/www.walknride.be\/de\/wp-json\/wp\/v2\/comments?post=1492"}],"version-history":[{"count":10,"href":"https:\/\/www.walknride.be\/de\/wp-json\/wp\/v2\/pages\/1492\/revisions"}],"predecessor-version":[{"id":1618,"href":"https:\/\/www.walknride.be\/de\/wp-json\/wp\/v2\/pages\/1492\/revisions\/1618"}],"wp:attachment":[{"href":"https:\/\/www.walknride.be\/de\/wp-json\/wp\/v2\/media?parent=1492"}],"curies":[{"name":"wp","href":"https:\/\/api.w.org\/{rel}","templated":true}]}}